{"id":491,"date":"2017-02-17T17:00:37","date_gmt":"2017-02-17T19:00:37","guid":{"rendered":"https:\/\/ambiental.puspfc.usp.br\/?page_id=491"},"modified":"2017-02-17T17:00:37","modified_gmt":"2017-02-17T19:00:37","slug":"segregacao","status":"publish","type":"page","link":"https:\/\/ambiental.puspfc.usp.br\/index.php\/segregacao\/","title":{"rendered":"Segrega\u00e7\u00e3o"},"content":{"rendered":"<p>\t\t\t\t<strong>A)\u00a0Segrega\u00e7\u00e3o, acondicionamento\u00a0 e tipos de residuos gerados<\/strong><\/p>\n<p><strong>Segrega\u00e7\u00e3o de res\u00edduos <\/strong><\/p>\n<p>Consiste na separa\u00e7\u00e3o dos res\u00edduos no momento e local de sua gera\u00e7\u00e3o, de acordo com as caracter\u00edsticas f\u00edsicas, qu\u00edmicas, biol\u00f3gicas, o seu estado f\u00edsico e os riscos envolvidos.<\/p>\n<p><strong>Acondicionamento <\/strong><\/p>\n<p>Consiste no ato de embalar os res\u00edduos, em sacos ou recipientes que evitem vazamentos e resistam \u00e0s a\u00e7\u00f5es de punctura e ruptura. A capacidade dos sacos e recipientes deve ser compat\u00edvel com a gera\u00e7\u00e3o di\u00e1ria de cada tipo de res\u00edduo.<\/p>\n<p><strong>Res\u00edduos s\u00f3lidos infectantes:<\/strong><\/p>\n<ul>\n<li>Saco constitu\u00eddo de material resistente a ruptura e vazamento<\/li>\n<li>Material imperme\u00e1vel<\/li>\n<li>Respeitar os limites de peso<\/li>\n<li>Proibido seu esvaziamento ou reaproveitamento<\/li>\n<\/ul>\n<p><strong>Res\u00edduos s\u00f3lidos infectantes:<\/strong><\/p>\n<ul>\n<li>Grupos A1, A2 e A4: sacos brancos com s\u00edmbolo de \u201csubst\u00e2ncia infectante\u201d<\/li>\n<li>Grupo A3: sacos vermelhos com inscri\u00e7\u00e3o \u201cPe\u00e7as anat\u00f4micas\u201d<\/li>\n<li>Grupo A5: sacos vermelhos com s\u00edmbolo de subst\u00e2ncia infectante<\/li>\n<\/ul>\n<p><strong>Res\u00edduos s\u00f3lidos qu\u00edmicos:<\/strong><\/p>\n<ul>\n<li>Recipientes de material r\u00edgido<\/li>\n<li>Adequados para cada tipo de subst\u00e2ncia qu\u00edmica (evitar rea\u00e7\u00e3o qu\u00edmica entre os componentes do res\u00edduo e da embalagem)<\/li>\n<li>Respeitando as caracter\u00edsticas f\u00edsico-qu\u00edmicas e estado f\u00edsico do res\u00edduo<\/li>\n<li>Observar as exig\u00eancias de compatibilidade qu\u00edmica dos res\u00edduos entre si<\/li>\n<\/ul>\n<p><strong>Res\u00edduos l\u00edquidos (infectantes e qu\u00edmicos):<\/strong><\/p>\n<ul>\n<li>Recipientes constitu\u00eddos de material compat\u00edvel<\/li>\n<li>Resistentes e r\u00edgidos<\/li>\n<li>Estanques, com tampa rosqueada e vedante<\/li>\n<\/ul>\n<p><strong>Res\u00edduos perfurocortantes e escarificantes<\/strong>:<\/p>\n<ul>\n<li>Recipientes r\u00edgidos, resistentes \u00e0 punctura, ruptura e vazamento, com tampa<\/li>\n<li>\u00c9 expressamente proibido o esvaziamento desses recipientes para o seu reaproveitamento<\/li>\n<li>As agulhas descart\u00e1veis devem ser desprezadas juntamente com as seringas, sendo proibido reencap\u00e1-las.<\/li>\n<\/ul>\n<p>&nbsp;<\/p>\n<p><a href=\"http:\/\/sustain.webhostusp.sti.usp.br\/wp-content\/uploads\/2017\/03\/Modulo_2-Segregacao_RSS-2017.pdf\">M\u00d3DULO 2 &#8211; SEGREGA\u00c7\u00c3O\u00a0<\/a>\t\t<\/p>\n","protected":false},"excerpt":{"rendered":"<p>A)\u00a0Segrega\u00e7\u00e3o, acondicionamento\u00a0 e tipos de residuos gerados Segrega\u00e7\u00e3o de res\u00edduos Consiste na separa\u00e7\u00e3o dos res\u00edduos no momento e local de sua gera\u00e7\u00e3o, de acordo com as caracter\u00edsticas f\u00edsicas, qu\u00edmicas, biol\u00f3gicas, o seu estado f\u00edsico e os riscos envolvidos. Acondicionamento Consiste no ato de embalar os res\u00edduos, em sacos ou recipientes que evitem vazamentos e resistam [&hellip;]<\/p>\n","protected":false},"author":1,"featured_media":0,"parent":0,"menu_order":0,"comment_status":"closed","ping_status":"closed","template":"","meta":{"_monsterinsights_skip_tracking":false,"_monsterinsights_sitenote_active":false,"_monsterinsights_sitenote_note":"","_monsterinsights_sitenote_category":0,"footnotes":"","_links_to":"","_links_to_target":""},"class_list":["post-491","page","type-page","status-publish","hentry"],"_links":{"self":[{"href":"https:\/\/ambiental.puspfc.usp.br\/index.php\/wp-json\/wp\/v2\/pages\/491","targetHints":{"allow":["GET"]}}],"collection":[{"href":"https:\/\/ambiental.puspfc.usp.br\/index.php\/wp-json\/wp\/v2\/pages"}],"about":[{"href":"https:\/\/ambiental.puspfc.usp.br\/index.php\/wp-json\/wp\/v2\/types\/page"}],"author":[{"embeddable":true,"href":"https:\/\/ambiental.puspfc.usp.br\/index.php\/wp-json\/wp\/v2\/users\/1"}],"replies":[{"embeddable":true,"href":"https:\/\/ambiental.puspfc.usp.br\/index.php\/wp-json\/wp\/v2\/comments?post=491"}],"version-history":[{"count":0,"href":"https:\/\/ambiental.puspfc.usp.br\/index.php\/wp-json\/wp\/v2\/pages\/491\/revisions"}],"wp:attachment":[{"href":"https:\/\/ambiental.puspfc.usp.br\/index.php\/wp-json\/wp\/v2\/media?parent=491"}],"curies":[{"name":"wp","href":"https:\/\/api.w.org\/{rel}","templated":true}]}}